{"id":1223,"date":"2016-02-12T08:12:49","date_gmt":"2016-02-12T08:12:49","guid":{"rendered":"http:\/\/demos.famethemes.com\/onepress\/?page_id=23"},"modified":"2016-07-18T20:38:13","modified_gmt":"2016-07-18T20:38:13","slug":"service-title-1","status":"publish","type":"page","link":"https:\/\/casapenielresidencial.com.br\/?page_id=1223","title":{"rendered":"Servi\u00e7os M\u00e9dicos"},"content":{"rendered":"<p>Uma enfermaria preparada para dar todo atendimento necess\u00e1rio para que nossos pacientes se sintam seguros e tenham a seguran\u00e7a necess\u00e1ria para dormirem descansados.<\/p>\n","protected":false},"excerpt":{"rendered":"<p>Atendimento m\u00e9dico local 1x por semana, enfermaria 24h x 7 dias.<\/p>\n","protected":false},"author":1,"featured_media":0,"parent":0,"menu_order":0,"comment_status":"closed","ping_status":"closed","template":"","meta":{"footnotes":""},"class_list":["post-1223","page","type-page","status-publish","hentry"],"_links":{"self":[{"href":"https:\/\/casapenielresidencial.com.br\/index.php?rest_route=\/wp\/v2\/pages\/1223","targetHints":{"allow":["GET"]}}],"collection":[{"href":"https:\/\/casapenielresidencial.com.br\/index.php?rest_route=\/wp\/v2\/pages"}],"about":[{"href":"https:\/\/casapenielresidencial.com.br\/index.php?rest_route=\/wp\/v2\/types\/page"}],"author":[{"embeddable":true,"href":"https:\/\/casapenielresidencial.com.br\/index.php?rest_route=\/wp\/v2\/users\/1"}],"replies":[{"embeddable":true,"href":"https:\/\/casapenielresidencial.com.br\/index.php?rest_route=%2Fwp%2Fv2%2Fcomments&post=1223"}],"version-history":[{"count":2,"href":"https:\/\/casapenielresidencial.com.br\/index.php?rest_route=\/wp\/v2\/pages\/1223\/revisions"}],"predecessor-version":[{"id":1257,"href":"https:\/\/casapenielresidencial.com.br\/index.php?rest_route=\/wp\/v2\/pages\/1223\/revisions\/1257"}],"wp:attachment":[{"href":"https:\/\/casapenielresidencial.com.br\/index.php?rest_route=%2Fwp%2Fv2%2Fmedia&parent=1223"}],"curies":[{"name":"wp","href":"https:\/\/api.w.org\/{rel}","templated":true}]}}