{"id":15,"date":"2016-04-05T13:39:44","date_gmt":"2016-04-05T13:39:44","guid":{"rendered":"https:\/\/casapenielresidencial.com.br\/?page_id=15"},"modified":"2016-06-27T19:23:57","modified_gmt":"2016-06-27T19:23:57","slug":"a-clinica","status":"publish","type":"page","link":"https:\/\/casapenielresidencial.com.br\/","title":{"rendered":"A Cl\u00ednica"},"content":{"rendered":"<p>O Lar do Idoso Bela Vista foi criado em 1994. \u00c9 uma institui\u00e7\u00e3o de Longa Perman\u00eancia para Idosos (ILPI) que presta atendimento gerontol\u00f3gico e geri\u00e1trico. Busca priorizar o bem estar de seus pacientes sempre lembrando de sua miss\u00e3o.<\/p>\n<p>&nbsp;<\/p>\n<p>Possu\u00edmos amplas \u00e1reas de lazer e atendimento, incluindo um posto de enfermagem com equipamentos modernos e profissionais capacitados que prestam atendimento 24 horas. Al\u00e9m disso, estamos em constantes atualiza\u00e7\u00f5es para que nossa equipe esteja apta a atender nossos pacientes e sua fam\u00edlia.<\/p>\n<p>&nbsp;<\/p>\n<p>PS: alguns destes treinamentos est\u00e3o abertos aos familiares.<\/p>\n","protected":false},"excerpt":{"rendered":"<p>O Lar do Idoso Bela Vista foi criado em 1994. \u00c9 uma institui\u00e7\u00e3o de Longa Perman\u00eancia para Idosos (ILPI) que presta atendimento gerontol\u00f3gico e geri\u00e1trico. Busca priorizar o bem estar &#8230;<\/p>\n","protected":false},"author":1,"featured_media":0,"parent":0,"menu_order":0,"comment_status":"closed","ping_status":"closed","template":"template-frontpage.php","meta":{"footnotes":""},"class_list":["post-15","page","type-page","status-publish","hentry"],"_links":{"self":[{"href":"https:\/\/casapenielresidencial.com.br\/index.php?rest_route=\/wp\/v2\/pages\/15","targetHints":{"allow":["GET"]}}],"collection":[{"href":"https:\/\/casapenielresidencial.com.br\/index.php?rest_route=\/wp\/v2\/pages"}],"about":[{"href":"https:\/\/casapenielresidencial.com.br\/index.php?rest_route=\/wp\/v2\/types\/page"}],"author":[{"embeddable":true,"href":"https:\/\/casapenielresidencial.com.br\/index.php?rest_route=\/wp\/v2\/users\/1"}],"replies":[{"embeddable":true,"href":"https:\/\/casapenielresidencial.com.br\/index.php?rest_route=%2Fwp%2Fv2%2Fcomments&post=15"}],"version-history":[{"count":1,"href":"https:\/\/casapenielresidencial.com.br\/index.php?rest_route=\/wp\/v2\/pages\/15\/revisions"}],"predecessor-version":[{"id":16,"href":"https:\/\/casapenielresidencial.com.br\/index.php?rest_route=\/wp\/v2\/pages\/15\/revisions\/16"}],"wp:attachment":[{"href":"https:\/\/casapenielresidencial.com.br\/index.php?rest_route=%2Fwp%2Fv2%2Fmedia&parent=15"}],"curies":[{"name":"wp","href":"https:\/\/api.w.org\/{rel}","templated":true}]}}